{"id":4827,"date":"2025-11-08T10:40:36","date_gmt":"2025-11-08T10:40:36","guid":{"rendered":"https:\/\/cadeauenligne.com\/conta-de-cliente\/"},"modified":"2025-12-21T19:37:52","modified_gmt":"2025-12-21T19:37:52","slug":"conta-de-cliente","status":"publish","type":"page","link":"https:\/\/cadeauenligne.com\/pt-pt\/conta-de-cliente\/","title":{"rendered":"Conta de cliente"},"content":{"rendered":"\t\t<div data-elementor-type=\"wp-page\" data-elementor-id=\"4827\" class=\"elementor elementor-4827 elementor-3866\" data-elementor-post-type=\"page\">\n\t\t\t\t<div class=\"elementor-element elementor-element-3dac7f69 e-flex e-con-boxed wpr-particle-no wpr-jarallax-no wpr-parallax-no wpr-sticky-section-no e-con e-parent\" data-id=\"3dac7f69\" data-element_type=\"container\">\n\t\t\t\t\t<div class=\"e-con-inner\">\n\t\t\t\t\t<\/div>\n\t\t\t\t<\/div>\n\t\t\t\t<\/div>\n\t\t","protected":false},"excerpt":{"rendered":"<p>admin1 Logout Tableau de bord Commandes T\u00e9l\u00e9chargements Adresses D\u00e9tails du compte Se d\u00e9connecter Bonjour admin1 (vous n\u2019\u00eates pas admin1\u00a0? D\u00e9connexion) \u00c0 partir du tableau de bord de votre compte, vous pouvez visualiser vos commandes r\u00e9centes, g\u00e9rer vos adresses de livraison et de facturation ainsi que changer votre mot de passe et les d\u00e9tails de votre compte.<\/p>\n","protected":false},"author":1,"featured_media":0,"parent":0,"menu_order":0,"comment_status":"closed","ping_status":"closed","template":"elementor_header_footer","meta":{"_acf_changed":false,"footnotes":""},"class_list":["post-4827","page","type-page","status-publish","hentry"],"acf":[],"_hostinger_reach_plugin_has_subscription_block":false,"_hostinger_reach_plugin_is_elementor":false,"_links":{"self":[{"href":"https:\/\/cadeauenligne.com\/pt-pt\/wp-json\/wp\/v2\/pages\/4827","targetHints":{"allow":["GET"]}}],"collection":[{"href":"https:\/\/cadeauenligne.com\/pt-pt\/wp-json\/wp\/v2\/pages"}],"about":[{"href":"https:\/\/cadeauenligne.com\/pt-pt\/wp-json\/wp\/v2\/types\/page"}],"author":[{"embeddable":true,"href":"https:\/\/cadeauenligne.com\/pt-pt\/wp-json\/wp\/v2\/users\/1"}],"replies":[{"embeddable":true,"href":"https:\/\/cadeauenligne.com\/pt-pt\/wp-json\/wp\/v2\/comments?post=4827"}],"version-history":[{"count":1,"href":"https:\/\/cadeauenligne.com\/pt-pt\/wp-json\/wp\/v2\/pages\/4827\/revisions"}],"predecessor-version":[{"id":4828,"href":"https:\/\/cadeauenligne.com\/pt-pt\/wp-json\/wp\/v2\/pages\/4827\/revisions\/4828"}],"wp:attachment":[{"href":"https:\/\/cadeauenligne.com\/pt-pt\/wp-json\/wp\/v2\/media?parent=4827"}],"curies":[{"name":"wp","href":"https:\/\/api.w.org\/{rel}","templated":true}]}}