{"id":4814,"date":"2025-08-22T07:49:43","date_gmt":"2025-08-22T07:49:43","guid":{"rendered":"https:\/\/cadeauenligne.com\/acerca-de-nosotros\/"},"modified":"2025-12-21T19:38:53","modified_gmt":"2025-12-21T19:38:53","slug":"acerca-de-nosotros","status":"publish","type":"page","link":"https:\/\/cadeauenligne.com\/es\/acerca-de-nosotros\/","title":{"rendered":"Acerca de nosotros"},"content":{"rendered":"\t\t<div data-elementor-type=\"wp-page\" data-elementor-id=\"4814\" class=\"elementor elementor-4814 elementor-433\" data-elementor-post-type=\"page\">\n\t\t\t\t<div class=\"elementor-element elementor-element-a9357ab e-flex e-con-boxed wpr-particle-no wpr-jarallax-no wpr-parallax-no wpr-sticky-section-no e-con e-parent\" data-id=\"a9357ab\" data-element_type=\"container\">\n\t\t\t\t\t<div class=\"e-con-inner\">\n\t\t\t\t<div class=\"elementor-element elementor-element-9adf8f1 elementor-widget elementor-widget-heading\" data-id=\"9adf8f1\" data-element_type=\"widget\" data-widget_type=\"heading.default\">\n\t\t\t\t\t<h1 class=\"elementor-heading-title elementor-size-default\">Acerca de nosotros<\/h1>\t\t\t\t<\/div>\n\t\t\t\t<div class=\"elementor-element elementor-element-1e389c8 elementor-widget elementor-widget-image\" data-id=\"1e389c8\" data-element_type=\"widget\" data-widget_type=\"image.default\">\n\t\t\t\t\t\t\t\t\t\t\t\t\t\t\t<img fetchpriority=\"high\" decoding=\"async\" width=\"1536\" height=\"1024\" src=\"https:\/\/cadeauenligne.com\/wp-content\/uploads\/2025\/10\/Image-haut.jpg\" class=\"attachment-full size-full wp-image-4811\" alt=\"\" srcset=\"https:\/\/cadeauenligne.com\/wp-content\/uploads\/2025\/10\/Image-haut.jpg 1536w, https:\/\/cadeauenligne.com\/wp-content\/uploads\/2025\/10\/Image-haut-300x200.jpg 300w, https:\/\/cadeauenligne.com\/wp-content\/uploads\/2025\/10\/Image-haut-1024x683.jpg 1024w, https:\/\/cadeauenligne.com\/wp-content\/uploads\/2025\/10\/Image-haut-768x512.jpg 768w, https:\/\/cadeauenligne.com\/wp-content\/uploads\/2025\/10\/Image-haut-600x400.jpg 600w\" sizes=\"(max-width: 1536px) 100vw, 1536px\" \/>\t\t\t\t\t\t\t\t\t\t\t\t\t\t\t<\/div>\n\t\t\t\t<div class=\"elementor-element elementor-element-e934745 elementor-widget elementor-widget-heading\" data-id=\"e934745\" data-element_type=\"widget\" data-widget_type=\"heading.default\">\n\t\t\t\t\t<h2 class=\"elementor-heading-title elementor-size-default\">Cadeauenligne.com \u2013 Regalar es compartir emociones<\/h2>\t\t\t\t<\/div>\n\t\t\t\t<div class=\"elementor-element elementor-element-c0244c7 elementor-widget elementor-widget-text-editor\" data-id=\"c0244c7\" data-element_type=\"widget\" data-widget_type=\"text-editor.default\">\n\t\t\t\t\t\t\t\t\t<p>En cadeauenligne.com, creemos que un regalo nunca es un simple objeto. Es una intenci\u00f3n, una sonrisa, un recuerdo que se crea y se comparte.<\/p>\t\t\t\t\t\t\t\t<\/div>\n\t\t\t\t<div class=\"elementor-element elementor-element-e69bc8b elementor-widget elementor-widget-image\" data-id=\"e69bc8b\" data-element_type=\"widget\" data-widget_type=\"image.default\">\n\t\t\t\t\t\t\t\t\t\t\t\t\t\t\t<img decoding=\"async\" width=\"1600\" height=\"840\" src=\"https:\/\/cadeauenligne.com\/wp-content\/uploads\/2025\/10\/cadeauenligne-1.jpg\" class=\"attachment-full size-full wp-image-4812\" alt=\"\" srcset=\"https:\/\/cadeauenligne.com\/wp-content\/uploads\/2025\/10\/cadeauenligne-1.jpg 1600w, https:\/\/cadeauenligne.com\/wp-content\/uploads\/2025\/10\/cadeauenligne-1-300x158.jpg 300w, https:\/\/cadeauenligne.com\/wp-content\/uploads\/2025\/10\/cadeauenligne-1-1024x538.jpg 1024w, https:\/\/cadeauenligne.com\/wp-content\/uploads\/2025\/10\/cadeauenligne-1-768x403.jpg 768w, https:\/\/cadeauenligne.com\/wp-content\/uploads\/2025\/10\/cadeauenligne-1-1536x806.jpg 1536w, https:\/\/cadeauenligne.com\/wp-content\/uploads\/2025\/10\/cadeauenligne-1-600x315.jpg 600w\" sizes=\"(max-width: 1600px) 100vw, 1600px\" \/>\t\t\t\t\t\t\t\t\t\t\t\t\t\t\t<\/div>\n\t\t\t\t<div class=\"elementor-element elementor-element-61a393d elementor-widget elementor-widget-text-editor\" data-id=\"61a393d\" data-element_type=\"widget\" data-widget_type=\"text-editor.default\">\n\t\t\t\t\t\t\t\t\t<p>Nuestra misi\u00f3n es simple: ayudarle a encontrar, en unos pocos clics, el regalo perfecto para cada persona y cada ocasi\u00f3n. Ya sea para sorprender a un amigo, mimar a un ser querido, celebrar una fiesta o conmemorar un gran acontecimiento, hemos seleccionado ideas de regalos que saben c\u00f3mo complacer.<\/p><p> <\/p><p>Nuestra historia \u2013 De una idea simple a una pasi\u00f3nTodo parti\u00f3 de una convicci\u00f3n: regalar siempre deber\u00eda ser un placer, nunca una obligaci\u00f3n. Ante la falta de inspiraci\u00f3n que muchos sienten al momento de elegir, hemos querido crear una tienda en l\u00ednea donde cada uno pueda encontrar r\u00e1pidamente el regalo ideal, adaptado a todos los gustos y todos los presupuestos.<\/p><p> <\/p><p>Nuestros valores \u2013 Lo que nos gu\u00eda a diario\ud83c\udf81 Simplicidad: un sitio claro e inspirador para encontrar f\u00e1cilmente el regalo adecuado.\ud83c\udf81 Diversidad: una selecci\u00f3n que cubre todas las ocasiones, de las m\u00e1s grandes a las m\u00e1s simples.\ud83c\udf81 Calidad: productos elegidos con esmero para seducir.\ud83c\udf81 Emoci\u00f3n: regalos que cuentan una historia y dejan un recuerdo.\ufffc<\/p>\t\t\t\t\t\t\t\t<\/div>\n\t\t\t\t<div class=\"elementor-element elementor-element-1adfe5e elementor-widget elementor-widget-image\" data-id=\"1adfe5e\" data-element_type=\"widget\" data-widget_type=\"image.default\">\n\t\t\t\t\t\t\t\t\t\t\t\t\t\t\t<img decoding=\"async\" width=\"2560\" height=\"736\" src=\"https:\/\/cadeauenligne.com\/wp-content\/uploads\/2025\/10\/Cheques-cadeaux-1-scaled.jpg\" class=\"attachment-full size-full wp-image-4813\" alt=\"\" srcset=\"https:\/\/cadeauenligne.com\/wp-content\/uploads\/2025\/10\/Cheques-cadeaux-1-scaled.jpg 2560w, https:\/\/cadeauenligne.com\/wp-content\/uploads\/2025\/10\/Cheques-cadeaux-1-300x86.jpg 300w, https:\/\/cadeauenligne.com\/wp-content\/uploads\/2025\/10\/Cheques-cadeaux-1-1024x294.jpg 1024w, https:\/\/cadeauenligne.com\/wp-content\/uploads\/2025\/10\/Cheques-cadeaux-1-768x221.jpg 768w, https:\/\/cadeauenligne.com\/wp-content\/uploads\/2025\/10\/Cheques-cadeaux-1-1536x441.jpg 1536w, https:\/\/cadeauenligne.com\/wp-content\/uploads\/2025\/10\/Cheques-cadeaux-1-2048x589.jpg 2048w, https:\/\/cadeauenligne.com\/wp-content\/uploads\/2025\/10\/Cheques-cadeaux-1-600x172.jpg 600w\" sizes=\"(max-width: 2560px) 100vw, 2560px\" \/>\t\t\t\t\t\t\t\t\t\t\t\t\t\t\t<\/div>\n\t\t\t\t<div class=\"elementor-element elementor-element-805a14f elementor-widget elementor-widget-heading\" data-id=\"805a14f\" data-element_type=\"widget\" data-widget_type=\"heading.default\">\n\t\t\t\t\t<h2 class=\"elementor-heading-title elementor-size-default\">\u00bfPor qu\u00e9 elegir Cadeauenligne.com?<\/h2>\t\t\t\t<\/div>\n\t\t\t\t<div class=\"elementor-element elementor-element-2b4f7df elementor-widget elementor-widget-text-editor\" data-id=\"2b4f7df\" data-element_type=\"widget\" data-widget_type=\"text-editor.default\">\n\t\t\t\t\t\t\t\t\t<p>Ideas para todas las ocasiones: cumplea\u00f1os, bodas, fiestas de fin de a\u00f1o, inauguraciones, San Valent\u00edn, D\u00eda de la Madre, D\u00eda del Padre y mucho m\u00e1s.- Una selecci\u00f3n variada: objetos de decoraci\u00f3n, joyas, accesorios, gadgets, juguetes, productos de tendencia\u2026- Un servicio fiable: pago seguro y un soporte al cliente reactivo franc\u00f3fono y angl\u00f3fono.- Precios para todos los presupuestos: porque complacer deber\u00eda ser accesible a todos.\u00danase a nuestra comunidadCada d\u00eda, miles de clientes conf\u00edan en nosotros para hacer que sus momentos especiales sean a\u00fan m\u00e1s memorables. \u00bfY si formara parte de esta hermosa aventura?En cadeauenligne.com, regalar se convierte en un arte, y cada regalo una emoci\u00f3n.<\/p>\t\t\t\t\t\t\t\t<\/div>\n\t\t\t\t\t<\/div>\n\t\t\t\t<\/div>\n\t\t\t\t<\/div>\n\t\t","protected":false},"excerpt":{"rendered":"<p>Cadeauenligne.com \u2013 Regalar es compartir emociones En cadeauenligne.com, creemos que un regalo nunca es un simple objeto. Es una intenci\u00f3n, una sonrisa, un recuerdo que se crea y se comparte. Nuestra misi\u00f3n es simple: ayudarle a encontrar, en unos pocos clics, el regalo perfecto para cada persona y cada ocasi\u00f3n. Ya sea para sorprender a un amigo, mimar a un ser querido, celebrar una fiesta o conmemorar un gran acontecimiento, hemos seleccionado ideas de regalos que saben c\u00f3mo complacer. Nuestra historia \u2013 De una idea simple a una pasi\u00f3nTodo parti\u00f3 de una convicci\u00f3n: regalar siempre deber\u00eda ser un placer, nunca una obligaci\u00f3n. Ante la falta de inspiraci\u00f3n que muchos sienten al momento de elegir, hemos querido crear una tienda en l\u00ednea donde cada uno pueda encontrar r\u00e1pidamente el regalo ideal, adaptado a todos los gustos y todos los presupuestos. Nuestros valores \u2013 Lo que nos gu\u00eda a diario\ud83c\udf81 Simplicidad: un sitio claro e inspirador para encontrar f\u00e1cilmente el regalo adecuado.\ud83c\udf81 Diversidad: una selecci\u00f3n que cubre todas las ocasiones, de las m\u00e1s grandes a las m\u00e1s simples.\ud83c\udf81 Calidad: productos elegidos con esmero para seducir.\ud83c\udf81 Emoci\u00f3n: regalos que cuentan una historia y dejan un recuerdo.\ufffc \u00bfPor qu\u00e9 elegir Cadeauenligne.com? Ideas para todas las ocasiones: cumplea\u00f1os, bodas, fiestas de fin de a\u00f1o, inauguraciones, San Valent\u00edn, D\u00eda de la Madre, D\u00eda del Padre y mucho m\u00e1s.- Una selecci\u00f3n variada: objetos de decoraci\u00f3n, joyas, accesorios, gadgets, juguetes, productos de tendencia\u2026- Un servicio fiable: pago seguro y un soporte al cliente reactivo franc\u00f3fono y angl\u00f3fono.- Precios para todos los presupuestos: porque complacer deber\u00eda ser accesible a todos.\u00danase a nuestra comunidadCada d\u00eda, miles de clientes conf\u00edan en nosotros para hacer que sus momentos especiales sean a\u00fan m\u00e1s memorables. \u00bfY si formara parte de esta hermosa aventura?En cadeauenligne.com, regalar se convierte en un arte, y cada regalo una emoci\u00f3n.<\/p>\n","protected":false},"author":1,"featured_media":0,"parent":0,"menu_order":0,"comment_status":"closed","ping_status":"closed","template":"elementor_header_footer","meta":{"_acf_changed":false,"footnotes":""},"class_list":["post-4814","page","type-page","status-publish","hentry"],"acf":[],"_hostinger_reach_plugin_has_subscription_block":false,"_hostinger_reach_plugin_is_elementor":false,"_links":{"self":[{"href":"https:\/\/cadeauenligne.com\/es\/wp-json\/wp\/v2\/pages\/4814","targetHints":{"allow":["GET"]}}],"collection":[{"href":"https:\/\/cadeauenligne.com\/es\/wp-json\/wp\/v2\/pages"}],"about":[{"href":"https:\/\/cadeauenligne.com\/es\/wp-json\/wp\/v2\/types\/page"}],"author":[{"embeddable":true,"href":"https:\/\/cadeauenligne.com\/es\/wp-json\/wp\/v2\/users\/1"}],"replies":[{"embeddable":true,"href":"https:\/\/cadeauenligne.com\/es\/wp-json\/wp\/v2\/comments?post=4814"}],"version-history":[{"count":3,"href":"https:\/\/cadeauenligne.com\/es\/wp-json\/wp\/v2\/pages\/4814\/revisions"}],"predecessor-version":[{"id":4832,"href":"https:\/\/cadeauenligne.com\/es\/wp-json\/wp\/v2\/pages\/4814\/revisions\/4832"}],"wp:attachment":[{"href":"https:\/\/cadeauenligne.com\/es\/wp-json\/wp\/v2\/media?parent=4814"}],"curies":[{"name":"wp","href":"https:\/\/api.w.org\/{rel}","templated":true}]}}